{"id":3595,"date":"2023-03-18T07:10:54","date_gmt":"2023-03-18T07:10:54","guid":{"rendered":"https:\/\/www.beycikkonakhotel.com\/kontakt\/"},"modified":"2026-01-21T09:03:44","modified_gmt":"2026-01-21T09:03:44","slug":"kontakt","status":"publish","type":"page","link":"https:\/\/www.beycikkonakhotel.com\/de\/kontakt\/","title":{"rendered":"Kontakt"},"content":{"rendered":"\t\t<div data-elementor-type=\"wp-page\" data-elementor-id=\"3595\" class=\"elementor elementor-3595\">\n\t\t\t\t\t\t<section class=\"elementor-section elementor-top-section elementor-element elementor-element-9eef706 elementor-section-height-min-height cs-section-content-fullwidth cs-parallax-on-scroll cs_scroll_y_80 elementor-section-boxed elementor-section-height-default elementor-section-items-middle\" data-id=\"9eef706\" data-element_type=\"section\" data-e-type=\"section\" data-settings=\"{&quot;background_background&quot;:&quot;classic&quot;}\" data-cs-parallax-y=\"80\" style=\"background-image: none;\" data-cs-background-image=\"http:\/\/www.beycikkonakhotel.com\/wp-content\/uploads\/2024\/04\/manzara.jpg\">\n\t\t\t\t\t\t\t<div class=\"elementor-background-overlay\"><\/div>\n\t\t\t\t\t\t\t<div class=\"elementor-container elementor-column-gap-no\">\n\t\t\t\t\t<div class=\"elementor-column elementor-col-100 elementor-top-column elementor-element elementor-element-298df91 dark-color\" data-id=\"298df91\" data-element_type=\"column\" data-e-type=\"column\">\n\t\t\t<div class=\"elementor-widget-wrap elementor-element-populated\">\n\t\t\t\t\t\t<div class=\"elementor-element elementor-element-f3f9388 elementor-widget elementor-widget-cs_title\" data-id=\"f3f9388\" data-element_type=\"widget\" data-e-type=\"widget\" data-widget_type=\"cs_title.default\">\n\t\t\t\t<div class=\"elementor-widget-container\">\n\t\t\t\t\t\n        <div class=\"cs-title-wrap text-center\">\t            <h1 class=\"cs-title\">\n\t                Kontaktieren Sie uns\t            <\/h1>        <\/div>\t\t\t\t<\/div>\n\t\t\t\t<\/div>\n\t\t\t\t\t<\/div>\n\t\t<\/div>\n\t\t\t\t\t<\/div>\n\t\t<\/section>\n\t\t\t\t<section class=\"elementor-section elementor-top-section elementor-element elementor-element-ac9ba41 elementor-section-full_width elementor-section-content-middle elementor-section-height-default elementor-section-height-default\" data-id=\"ac9ba41\" data-element_type=\"section\" data-e-type=\"section\">\n\t\t\t\t\t\t<div class=\"elementor-container elementor-column-gap-no\">\n\t\t\t\t\t<div class=\"elementor-column elementor-col-50 elementor-top-column elementor-element elementor-element-a9f3bc2\" data-id=\"a9f3bc2\" data-element_type=\"column\" data-e-type=\"column\">\n\t\t\t<div class=\"elementor-widget-wrap elementor-element-populated\">\n\t\t\t\t\t\t<div class=\"elementor-element elementor-element-d6a0979 elementor-widget elementor-widget-cs_title\" data-id=\"d6a0979\" data-element_type=\"widget\" data-e-type=\"widget\" data-widget_type=\"cs_title.default\">\n\t\t\t\t<div class=\"elementor-widget-container\">\n\t\t\t\t\t\n        <div class=\"cs-title-wrap\">\t            <div class=\"cs-subtitle-wrap\"><span class=\"cs-subtitle\">Kontakt Details<\/span><\/div>\t            <h5 class=\"cs-title\">\n\t                Beycik Konak Hotel\t            <\/h5>\t            <div class=\"cs-title-text\">\n\t                <strong>Adresse:<\/strong> Beycik K\u00f6y\u00fc Yolu, 07982 Kemer\/Antalya\n<\/br>\n<strong>Telefon:<\/strong> <a href=\"tel:+905010323939\">+90 501 032 39 39<\/a> | <a href=\"tel:+905559917520\">+90 555 991 75 20<\/a>\n<\/br>\n<strong>E-Mail-Adresse:<\/strong> <a href=\"mailto:konakhotelbeycik@gmail.com\">konakhotelbeycik@gmail.com<\/a>\t            <\/div>        <\/div>\t\t\t\t<\/div>\n\t\t\t\t<\/div>\n\t\t\t\t<div class=\"elementor-element elementor-element-27ae3a6 elementor-widget-divider--view-line elementor-widget elementor-widget-divider\" data-id=\"27ae3a6\" data-element_type=\"widget\" data-e-type=\"widget\" data-widget_type=\"divider.default\">\n\t\t\t\t<div class=\"elementor-widget-container\">\n\t\t\t\t\t\t\t<div class=\"elementor-divider\">\n\t\t\t<span class=\"elementor-divider-separator\">\n\t\t\t\t\t\t<\/span>\n\t\t<\/div>\n\t\t\t\t\t\t<\/div>\n\t\t\t\t<\/div>\n\t\t\t\t<section class=\"elementor-section elementor-inner-section elementor-element elementor-element-06aaef6 elementor-section-boxed elementor-section-height-default elementor-section-height-default\" data-id=\"06aaef6\" data-element_type=\"section\" data-e-type=\"section\">\n\t\t\t\t\t\t<div class=\"elementor-container elementor-column-gap-no\">\n\t\t\t\t\t<div class=\"elementor-column elementor-col-100 elementor-inner-column elementor-element elementor-element-c08b88b\" data-id=\"c08b88b\" data-element_type=\"column\" data-e-type=\"column\">\n\t\t\t<div class=\"elementor-widget-wrap elementor-element-populated\">\n\t\t\t\t\t\t<div class=\"elementor-element elementor-element-a2ce684 elementor-widget elementor-widget-google_maps\" data-id=\"a2ce684\" data-element_type=\"widget\" data-e-type=\"widget\" data-widget_type=\"google_maps.default\">\n\t\t\t\t<div class=\"elementor-widget-container\">\n\t\t\t\t\t\t\t<div class=\"elementor-custom-embed\">\n\t\t\t<iframe loading=\"lazy\"\n\t\t\t\t\tsrc=\"https:\/\/maps.google.com\/maps?q=beycik%20konak%20hotel&#038;t=m&#038;z=15&#038;output=embed&#038;iwloc=near\"\n\t\t\t\t\ttitle=\"beycik konak hotel\"\n\t\t\t\t\taria-label=\"beycik konak hotel\"\n\t\t\t><\/iframe>\n\t\t<\/div>\n\t\t\t\t\t\t<\/div>\n\t\t\t\t<\/div>\n\t\t\t\t\t<\/div>\n\t\t<\/div>\n\t\t\t\t\t<\/div>\n\t\t<\/section>\n\t\t\t\t\t<\/div>\n\t\t<\/div>\n\t\t\t\t<div class=\"elementor-column elementor-col-50 elementor-top-column elementor-element elementor-element-a630739\" data-id=\"a630739\" data-element_type=\"column\" data-e-type=\"column\" data-settings=\"{&quot;background_background&quot;:&quot;classic&quot;}\">\n\t\t\t<div class=\"elementor-widget-wrap elementor-element-populated\">\n\t\t\t\t\t\t<section class=\"elementor-section elementor-inner-section elementor-element elementor-element-1165b93 elementor-section-boxed elementor-section-height-default elementor-section-height-default\" data-id=\"1165b93\" data-element_type=\"section\" data-e-type=\"section\" data-settings=\"{&quot;background_background&quot;:&quot;classic&quot;}\">\n\t\t\t\t\t\t<div class=\"elementor-container elementor-column-gap-no\">\n\t\t\t\t\t<div class=\"elementor-column elementor-col-100 elementor-inner-column elementor-element elementor-element-c8421f3\" data-id=\"c8421f3\" data-element_type=\"column\" data-e-type=\"column\">\n\t\t\t<div class=\"elementor-widget-wrap elementor-element-populated\">\n\t\t\t\t\t\t<div class=\"elementor-element elementor-element-ee636a2 elementor-widget elementor-widget-cs_title\" data-id=\"ee636a2\" data-element_type=\"widget\" data-e-type=\"widget\" data-widget_type=\"cs_title.default\">\n\t\t\t\t<div class=\"elementor-widget-container\">\n\t\t\t\t\t\n        <div class=\"cs-title-wrap text-center\">\t            <div class=\"cs-subtitle-wrap\"><span class=\"cs-subtitle\">Kontakt-Formular<\/span><\/div>\t            <h5 class=\"cs-title\">\n\t                Schreiben Sie uns\t            <\/h5>        <\/div>\t\t\t\t<\/div>\n\t\t\t\t<\/div>\n\t\t\t\t<div class=\"elementor-element elementor-element-e7409aa elementor-widget elementor-widget-shortcode\" data-id=\"e7409aa\" data-element_type=\"widget\" data-e-type=\"widget\" data-widget_type=\"shortcode.default\">\n\t\t\t\t<div class=\"elementor-widget-container\">\n\t\t\t\t\t\t\t<div class=\"elementor-shortcode\">\n            <div \n                class=\"elfsight-widget-form-builder elfsight-widget\" \n                data-elfsight-form-builder-options=\"%7B%22ei%22%3A%22%22%2C%22fields%22%3A%5B%7B%22type%22%3A%22text%22%2C%22placeholder%22%3A%22%22%2C%22description%22%3A%22%22%2C%22label%22%3A%22Name%20Nachname%22%2C%22required%22%3Atrue%2C%22columnWidth%22%3A100%2C%22id%22%3A%22%5Bname-nachname%5D%22%7D%2C%7B%22type%22%3A%22email%22%2C%22label%22%3A%22E-Mail%20Adresse%22%2C%22description%22%3A%22%22%2C%22placeholder%22%3A%22%22%2C%22required%22%3Atrue%2C%22columnWidth%22%3A100%2C%22id%22%3A%22%5Be-mail-adresse%5D%22%7D%2C%7B%22type%22%3A%22phone%22%2C%22label%22%3A%22Telefonnummer%22%2C%22placeholder%22%3A%22%22%2C%22description%22%3A%22%22%2C%22required%22%3Afalse%2C%22columnWidth%22%3A100%2C%22id%22%3A%22%5Btelefonnummer%5D%22%7D%2C%7B%22type%22%3A%22text%22%2C%22label%22%3A%22Thema%22%2C%22name%22%3A%22%22%2C%22placeholder%22%3A%22%22%2C%22options%22%3A%22Option%201%5CnOption%202%22%2C%22scaleNumbersMin%22%3A1%2C%22scaleNumbersMax%22%3A10%2C%22leftCaption%22%3A%22Not%20likely%22%2C%22rightCaption%22%3A%22Very%20likely%22%2C%22fileLinkCaption%22%3A%22Choose%20file%22%2C%22fileDragCaption%22%3A%22or%20drag%20%26%20drop%20here%22%2C%22text%22%3A%22Text%22%2C%22title%22%3A%22Heading%22%2C%22caption%22%3A%22%22%2C%22value%22%3A%22%22%2C%22labelText%22%3A%22Label%22%2C%22dateTime%22%3A%22date%22%2C%22dateFormat%22%3A%22d.m.Y%22%2C%22timeFormat%22%3A%22H%3Ai%22%2C%22starsCount%22%3A5%2C%22required%22%3Atrue%2C%22description%22%3A%22%22%2C%22columnWidth%22%3A100%2C%22elementColumnWidth%22%3A100%2C%22fileAllowedAll%22%3Atrue%2C%22fileAllowed%22%3A%5B%22.jpg%22%2C%22.jpeg%22%2C%22.png%22%2C%22.gif%22%2C%22.txt%22%2C%22.pdf%22%2C%22.doc%22%2C%22.docx%22%2C%22.pages%22%2C%22.numbers%22%2C%22.xls%22%2C%22.xlsx%22%2C%22.odt%22%2C%22.ppt%22%2C%22.pptx%22%2C%22.pps%22%2C%22.ppsx%22%2C%22.html%22%5D%2C%22fileMax%22%3A25%2C%22fields%22%3A%22%22%2C%22id%22%3A%22%5Bthema%5D%22%7D%2C%7B%22type%22%3A%22textarea%22%2C%22label%22%3A%22Ihre%20Nachricht%22%2C%22description%22%3A%22%22%2C%22placeholder%22%3A%22%22%2C%22required%22%3Atrue%2C%22columnWidth%22%3A100%2C%22id%22%3A%22%5Bihre-nachricht%5D%22%7D%5D%2C%22headerActive%22%3Afalse%2C%22headerTitle%22%3A%22Get%20in%20Touch%22%2C%22headerText%22%3A%22Leave%20your%20message%20and%20we%27ll%20get%20back%20to%20you%20shortly.%22%2C%22headerPictureUrl%22%3A%22message%22%2C%22footerText%22%3A%22%22%2C%22actionAfterSubmit%22%3A%22message%22%2C%22successMessage%22%3A%22Vielen%20Dank%2C%20dass%20Sie%20mit%20uns%20Kontakt%20aufgenommen%20haben.%20Wir%20haben%20Ihre%20Nachricht%20erhalten.%20Wir%20werden%20uns%20so%20schnell%20wie%20m%5Cu00f6glich%20bei%20Ihnen%20melden.%22%2C%22successContinueText%22%3A%22OK%22%2C%22redirectUrl%22%3A%22https%3A%5C%2F%5C%2Fexample.com%22%2C%22submitText%22%3A%22Nachricht%20senden%22%2C%22stepsMessagesDivider%22%3Anull%2C%22stepsMessagesTitle%22%3Anull%2C%22stepsText%22%3A%22step%20%251%20of%20%252%22%2C%22stepBackText%22%3A%22Back%22%2C%22stepNextText%22%3A%22Next%22%2C%22errorMessageAllRequired%22%3A%22Bitte%20f%5Cu00fcllen%20Sie%20alle%20erforderlichen%20Felder%20aus%22%2C%22errorMessageAllIncorrect%22%3A%22Bitte%20f%5Cu00fcllen%20Sie%20alle%20Felder%20korrekt%20aus%22%2C%22errorMessageSetMailTo%22%3A%22Bitte%20geben%20Sie%20die%20E-Mail-Adresse%20an%2C%20an%20die%20die%20Nachricht%20gesendet%20werden%20soll%22%2C%22errorMessageRequiredCaptcha%22%3A%22Bitte%20geben%20Sie%20das%20Captcha%20ein%22%2C%22errorMessageFileSizeLimit%22%3A%22File%20size%20limit%20exceeded%22%2C%22errorMessageFileNotAllowed%22%3A%22File%20extension%20not%20allowed%22%2C%22errorMessageUnknown%22%3A%22Unbekannter%20Fehler%22%2C%22errorMessageRequired%22%3A%22Erforderliches%20Feld%22%2C%22errorMessageInvalid%22%3A%22Ung%5Cu00fcltig%22%2C%22errorMessageInvalidEmail%22%3A%22Ung%5Cu00fcltige%20E-Mail%22%2C%22errorMessageInvalidPhone%22%3A%22Ung%5Cu00fcltige%20Rufnummer%22%2C%22errorMessageInvalidUrl%22%3A%22Invalid%20URL%22%2C%22calendarWeekdaysShorthand%22%3A%22Sun%5CnMon%5CnTue%5CnWed%5CnThu%5CnFri%5CnSat%22%2C%22calendarMonthsLonghand%22%3A%22January%5CnFebruary%5CnMarch%5CnApril%5CnMay%5CnJune%5CnJuly%5CnAugust%5CnSeptember%5CnOctober%5CnNovember%5CnDecember%22%2C%22showProgress%22%3Atrue%2C%22recaptchaType%22%3A%22checkbox%22%2C%22integrationsGoogleToken%22%3A%22%22%2C%22integrationsGoogleSheetId%22%3A%22%22%2C%22layout%22%3A%22default%22%2C%22floatingIcon%22%3A%22message%22%2C%22floatingText%22%3A%22%22%2C%22floatingPosition%22%3A%22right%22%2C%22width%22%3A%22580%22%2C%22style%22%3A%22material%22%2C%22mainColor%22%3A%22rgb%2855%2C%2075%2C%2095%29%22%2C%22apiUrl%22%3A%22https%3A%5C%2F%5C%2Fwww.beycikkonakhotel.com%5C%2Fde%5C%2Fwp-json%5C%2Felfsight-form-builder%5C%2Fapi%22%2C%22recaptchaKeyCheckbox%22%3A%226LfXGHgUAAAAAHNIE_EH7kEI1l4xvf_ynIlg5bfo%22%2C%22recaptchaKeyInvisible%22%3A%226Ld1CXgUAAAAAFTHmixC1Eo-NP7_3ddB1YOj9AfX%22%2C%22widgetId%22%3A%223%22%7D\" \n                data-elfsight-form-builder-version=\"1.5.1\"\n                data-elfsight-widget-id=\"elfsight-form-builder-3\">\n            <\/div>\n            <\/div>\n\t\t\t\t\t\t<\/div>\n\t\t\t\t<\/div>\n\t\t\t\t\t<\/div>\n\t\t<\/div>\n\t\t\t\t\t<\/div>\n\t\t<\/section>\n\t\t\t\t\t<\/div>\n\t\t<\/div>\n\t\t\t\t\t<\/div>\n\t\t<\/section>\n\t\t\t\t<\/div>\n\t\t","protected":false},"excerpt":{"rendered":"<p>Kontaktieren Sie uns Kontakt Details Beycik Konak Hotel Adresse: Beycik K\u00f6y\u00fc Yolu, 07982 Kemer\/Antalya Telefon: +90 501 032 39 39 | +90 555 991 75 20 E-Mail-Adresse: konakhotelbeycik@gmail.com Kontakt-Formular Schreiben Sie uns<\/p>\n","protected":false},"author":1,"featured_media":0,"parent":0,"menu_order":0,"comment_status":"closed","ping_status":"closed","template":"template-wide-content.php","meta":{"cozystay_single_page_hide_site_header":"","cozystay_single_page_site_header_source":"","cozystay_single_page_custom_site_header":"","cozystay_single_page_custom_sticky_site_header":"","cozystay_single_page_hide_page_title":"on","cozystay_single_page_header_section_size":"","cozystay_single_page_header_background_color":"","cozystay_single_page_header_background_position_x":"center","cozystay_single_page_header_background_position_y":"center","cozystay_single_page_header_background_size":"cover","cozystay_single_page_header_background_repeat":"off","cozystay_single_page_header_background_scroll":"on","cozystay_single_page_header_text_color":"","cozystay_single_page_header_show_breadcrumb":"","cozystay_single_page_site_footer_hide_main":"","cozystay_single_custom_site_footer_main_source":"","cozystay_single_custom_site_footer_main":"","cozystay_single_page_site_footer_hide_above":"","cozystay_single_custom_site_footer_above_source":"","cozystay_single_custom_site_footer_above":"","cozystay_single_page_site_footer_hide_instagram":"","cozystay_single_page_site_footer_hide_bottom":"","cozystay_single_custom_mobile_menu_source":"","cozystay_single_custom_mobile_menu":"","cozystay_single_custom_mobile_menu_animation":"","cozystay_single_custom_mobile_menu_width":"","cozystay_single_custom_mobile_menu_custom_width":375,"_joinchat":[],"footnotes":""},"class_list":["post-3595","page","type-page","status-publish","hentry"],"yoast_head":"<!-- This site is optimized with the Yoast SEO plugin v27.4 - https:\/\/yoast.com\/product\/yoast-seo-wordpress\/ -->\n<title>Kontakt - Beycik Konak Hotel<\/title>\n<meta name=\"robots\" content=\"index, follow, max-snippet:-1, max-image-preview:large, max-video-preview:-1\" \/>\n<link rel=\"canonical\" href=\"https:\/\/www.beycikkonakhotel.com\/en\/contact\/\" \/>\n<meta property=\"og:locale\" content=\"de_DE\" \/>\n<meta property=\"og:type\" content=\"article\" \/>\n<meta property=\"og:title\" content=\"Kontakt - Beycik Konak Hotel\" \/>\n<meta property=\"og:description\" content=\"Kontaktieren Sie uns Kontakt Details Beycik Konak Hotel Adresse: Beycik K\u00f6y\u00fc Yolu, 07982 Kemer\/Antalya Telefon: +90 501 032 39 39 | +90 555 991 75 20 E-Mail-Adresse: konakhotelbeycik@gmail.com Kontakt-Formular Schreiben Sie uns\" \/>\n<meta property=\"og:url\" content=\"https:\/\/www.beycikkonakhotel.com\/en\/contact\/\" \/>\n<meta property=\"og:site_name\" content=\"Beycik Konak Hotel\" \/>\n<meta property=\"article:modified_time\" content=\"2026-01-21T09:03:44+00:00\" \/>\n<meta name=\"twitter:card\" content=\"summary_large_image\" \/>\n<meta name=\"twitter:label1\" content=\"Gesch\u00e4tzte Lesezeit\" \/>\n\t<meta name=\"twitter:data1\" content=\"1\u00a0Minute\" \/>\n<script type=\"application\/ld+json\" class=\"yoast-schema-graph\">{\"@context\":\"https:\\\/\\\/schema.org\",\"@graph\":[{\"@type\":\"WebPage\",\"@id\":\"https:\\\/\\\/www.beycikkonakhotel.com\\\/en\\\/contact\\\/\",\"url\":\"https:\\\/\\\/www.beycikkonakhotel.com\\\/en\\\/contact\\\/\",\"name\":\"Kontakt - Beycik Konak Hotel\",\"isPartOf\":{\"@id\":\"https:\\\/\\\/www.beycikkonakhotel.com\\\/#website\"},\"datePublished\":\"2023-03-18T07:10:54+00:00\",\"dateModified\":\"2026-01-21T09:03:44+00:00\",\"breadcrumb\":{\"@id\":\"https:\\\/\\\/www.beycikkonakhotel.com\\\/en\\\/contact\\\/#breadcrumb\"},\"inLanguage\":\"de\",\"potentialAction\":[{\"@type\":\"ReadAction\",\"target\":[\"https:\\\/\\\/www.beycikkonakhotel.com\\\/en\\\/contact\\\/\"]}]},{\"@type\":\"BreadcrumbList\",\"@id\":\"https:\\\/\\\/www.beycikkonakhotel.com\\\/en\\\/contact\\\/#breadcrumb\",\"itemListElement\":[{\"@type\":\"ListItem\",\"position\":1,\"name\":\"Anasayfa\",\"item\":\"https:\\\/\\\/www.beycikkonakhotel.com\\\/\"},{\"@type\":\"ListItem\",\"position\":2,\"name\":\"Kontakt\"}]},{\"@type\":\"WebSite\",\"@id\":\"https:\\\/\\\/www.beycikkonakhotel.com\\\/#website\",\"url\":\"https:\\\/\\\/www.beycikkonakhotel.com\\\/\",\"name\":\"Beycik Konak Hotel\",\"description\":\"Do\u011fan\u0131n Kalbindeki Gizli S\u0131\u011f\u0131na\u011f\u0131n\u0131z\",\"publisher\":{\"@id\":\"https:\\\/\\\/www.beycikkonakhotel.com\\\/#organization\"},\"potentialAction\":[{\"@type\":\"SearchAction\",\"target\":{\"@type\":\"EntryPoint\",\"urlTemplate\":\"https:\\\/\\\/www.beycikkonakhotel.com\\\/?s={search_term_string}\"},\"query-input\":{\"@type\":\"PropertyValueSpecification\",\"valueRequired\":true,\"valueName\":\"search_term_string\"}}],\"inLanguage\":\"de\"},{\"@type\":\"Organization\",\"@id\":\"https:\\\/\\\/www.beycikkonakhotel.com\\\/#organization\",\"name\":\"Beycik Konak Hotel\",\"url\":\"https:\\\/\\\/www.beycikkonakhotel.com\\\/\",\"logo\":{\"@type\":\"ImageObject\",\"inLanguage\":\"de\",\"@id\":\"https:\\\/\\\/www.beycikkonakhotel.com\\\/#\\\/schema\\\/logo\\\/image\\\/\",\"url\":\"https:\\\/\\\/www.beycikkonakhotel.com\\\/wp-content\\\/uploads\\\/2022\\\/12\\\/cropped-beycik-konak-hotel-logo.png\",\"contentUrl\":\"https:\\\/\\\/www.beycikkonakhotel.com\\\/wp-content\\\/uploads\\\/2022\\\/12\\\/cropped-beycik-konak-hotel-logo.png\",\"width\":516,\"height\":515,\"caption\":\"Beycik Konak Hotel\"},\"image\":{\"@id\":\"https:\\\/\\\/www.beycikkonakhotel.com\\\/#\\\/schema\\\/logo\\\/image\\\/\"}}]}<\/script>\n<!-- \/ Yoast SEO plugin. -->","yoast_head_json":{"title":"Kontakt - Beycik Konak Hotel","robots":{"index":"index","follow":"follow","max-snippet":"max-snippet:-1","max-image-preview":"max-image-preview:large","max-video-preview":"max-video-preview:-1"},"canonical":"https:\/\/www.beycikkonakhotel.com\/en\/contact\/","og_locale":"de_DE","og_type":"article","og_title":"Kontakt - Beycik Konak Hotel","og_description":"Kontaktieren Sie uns Kontakt Details Beycik Konak Hotel Adresse: Beycik K\u00f6y\u00fc Yolu, 07982 Kemer\/Antalya Telefon: +90 501 032 39 39 | +90 555 991 75 20 E-Mail-Adresse: konakhotelbeycik@gmail.com Kontakt-Formular Schreiben Sie uns","og_url":"https:\/\/www.beycikkonakhotel.com\/en\/contact\/","og_site_name":"Beycik Konak Hotel","article_modified_time":"2026-01-21T09:03:44+00:00","twitter_card":"summary_large_image","twitter_misc":{"Gesch\u00e4tzte Lesezeit":"1\u00a0Minute"},"schema":{"@context":"https:\/\/schema.org","@graph":[{"@type":"WebPage","@id":"https:\/\/www.beycikkonakhotel.com\/en\/contact\/","url":"https:\/\/www.beycikkonakhotel.com\/en\/contact\/","name":"Kontakt - Beycik Konak Hotel","isPartOf":{"@id":"https:\/\/www.beycikkonakhotel.com\/#website"},"datePublished":"2023-03-18T07:10:54+00:00","dateModified":"2026-01-21T09:03:44+00:00","breadcrumb":{"@id":"https:\/\/www.beycikkonakhotel.com\/en\/contact\/#breadcrumb"},"inLanguage":"de","potentialAction":[{"@type":"ReadAction","target":["https:\/\/www.beycikkonakhotel.com\/en\/contact\/"]}]},{"@type":"BreadcrumbList","@id":"https:\/\/www.beycikkonakhotel.com\/en\/contact\/#breadcrumb","itemListElement":[{"@type":"ListItem","position":1,"name":"Anasayfa","item":"https:\/\/www.beycikkonakhotel.com\/"},{"@type":"ListItem","position":2,"name":"Kontakt"}]},{"@type":"WebSite","@id":"https:\/\/www.beycikkonakhotel.com\/#website","url":"https:\/\/www.beycikkonakhotel.com\/","name":"Beycik Konak Hotel","description":"Do\u011fan\u0131n Kalbindeki Gizli S\u0131\u011f\u0131na\u011f\u0131n\u0131z","publisher":{"@id":"https:\/\/www.beycikkonakhotel.com\/#organization"},"potentialAction":[{"@type":"SearchAction","target":{"@type":"EntryPoint","urlTemplate":"https:\/\/www.beycikkonakhotel.com\/?s={search_term_string}"},"query-input":{"@type":"PropertyValueSpecification","valueRequired":true,"valueName":"search_term_string"}}],"inLanguage":"de"},{"@type":"Organization","@id":"https:\/\/www.beycikkonakhotel.com\/#organization","name":"Beycik Konak Hotel","url":"https:\/\/www.beycikkonakhotel.com\/","logo":{"@type":"ImageObject","inLanguage":"de","@id":"https:\/\/www.beycikkonakhotel.com\/#\/schema\/logo\/image\/","url":"https:\/\/www.beycikkonakhotel.com\/wp-content\/uploads\/2022\/12\/cropped-beycik-konak-hotel-logo.png","contentUrl":"https:\/\/www.beycikkonakhotel.com\/wp-content\/uploads\/2022\/12\/cropped-beycik-konak-hotel-logo.png","width":516,"height":515,"caption":"Beycik Konak Hotel"},"image":{"@id":"https:\/\/www.beycikkonakhotel.com\/#\/schema\/logo\/image\/"}}]}},"_links":{"self":[{"href":"https:\/\/www.beycikkonakhotel.com\/de\/wp-json\/wp\/v2\/pages\/3595"}],"collection":[{"href":"https:\/\/www.beycikkonakhotel.com\/de\/wp-json\/wp\/v2\/pages"}],"about":[{"href":"https:\/\/www.beycikkonakhotel.com\/de\/wp-json\/wp\/v2\/types\/page"}],"author":[{"embeddable":true,"href":"https:\/\/www.beycikkonakhotel.com\/de\/wp-json\/wp\/v2\/users\/1"}],"replies":[{"embeddable":true,"href":"https:\/\/www.beycikkonakhotel.com\/de\/wp-json\/wp\/v2\/comments?post=3595"}],"version-history":[{"count":16,"href":"https:\/\/www.beycikkonakhotel.com\/de\/wp-json\/wp\/v2\/pages\/3595\/revisions"}],"predecessor-version":[{"id":4133,"href":"https:\/\/www.beycikkonakhotel.com\/de\/wp-json\/wp\/v2\/pages\/3595\/revisions\/4133"}],"wp:attachment":[{"href":"https:\/\/www.beycikkonakhotel.com\/de\/wp-json\/wp\/v2\/media?parent=3595"}],"curies":[{"name":"wp","href":"https:\/\/api.w.org\/{rel}","templated":true}]}}