{"id":3485,"date":"2024-06-29T22:04:27","date_gmt":"2024-06-29T22:04:27","guid":{"rendered":"https:\/\/www.beycikkonakhotel.com\/rueckgabe-und-stornierungsbedingungen\/"},"modified":"2024-07-05T12:06:17","modified_gmt":"2024-07-05T12:06:17","slug":"rueckgabe-und-stornierungsbedingungen","status":"publish","type":"page","link":"https:\/\/www.beycikkonakhotel.com\/de\/rueckgabe-und-stornierungsbedingungen\/","title":{"rendered":"R\u00fcckgabe- und Stornierungsbedingungen"},"content":{"rendered":"\t\t<div data-elementor-type=\"wp-page\" data-elementor-id=\"3485\" class=\"elementor elementor-3485\">\n\t\t\t\t\t\t<section class=\"elementor-section elementor-top-section elementor-element elementor-element-5e02a9a elementor-section-boxed elementor-section-height-default elementor-section-height-default\" data-id=\"5e02a9a\" data-element_type=\"section\" data-e-type=\"section\">\n\t\t\t\t\t\t<div class=\"elementor-container elementor-column-gap-default\">\n\t\t\t\t\t<div class=\"elementor-column elementor-col-100 elementor-top-column elementor-element elementor-element-3a72d5e\" data-id=\"3a72d5e\" data-element_type=\"column\" data-e-type=\"column\">\n\t\t\t<div class=\"elementor-widget-wrap elementor-element-populated\">\n\t\t\t\t\t\t<div class=\"elementor-element elementor-element-0e33741 elementor-widget elementor-widget-text-editor\" data-id=\"0e33741\" data-element_type=\"widget\" data-e-type=\"widget\" data-widget_type=\"text-editor.default\">\n\t\t\t\t<div class=\"elementor-widget-container\">\n\t\t\t\t\t\t\t\t\t<h4><strong>Erkl\u00e4rungen<\/strong><\/h4>\n<p><strong>I &#8211; Zahlungen<\/strong><\/p>\n<p>A &#8211; Mindestens 50% des Buchungspreises m\u00fcssen bei der Anmeldung bezahlt werden und der Restbetrag muss mindestens 15 Tage vor Beginn des Aufenthalts gezahlt werden. Wenn die Zahlungen innerhalb der oben genannten Fristen nicht geleistet werden, wird die Buchung storniert und 50% des Reisepreises werden dem Verbraucher als R\u00fccktrittsentsch\u00e4digung in Rechnung gestellt.<\/p>\n<p>B &#8211; Der Verbraucher, der erm\u00e4\u00dfigte Leistungen erwirbt, ist verpflichtet, die volle Servicegeb\u00fchr (100%) am Tag der Buchung zu zahlen.<\/p>\n<p>C &#8211; F\u00fcr spezielle Produkte und Dienstleistungen muss der Restbetrag sp\u00e4testens 60 Tage vor Beginn der Dienstleistung gezahlt werden. Die R\u00fccktrittsentsch\u00e4digung entspricht Artikel 1A.<\/p>\n<p><strong>II &#8211; Stornierung &amp; \u00dcbertragung<\/strong><\/p>\n<p>1- Obwohl das Unternehmen alle notwendigen Vorkehrungen getroffen hat, kann es die Unterkunft stornieren, wenn sich nicht die erforderliche Anzahl von Passagieren angemeldet hat oder wenn ung\u00fcnstige Witterungsbedingungen, Stra\u00dfenhindernisse, Terrorismus, Nebel, Streiks, Kriegsm\u00f6glichkeiten, unvorhersehbare technische Probleme und alle F\u00e4lle h\u00f6herer Gewalt den Beginn oder die Fortsetzung der Unterkunft verhindern. In diesem Fall hat der Verbraucher keinen Anspruch auf Entsch\u00e4digung.<\/p>\n<p>2- A-Wenn der Verbraucher bis zu 15 Tage vor Beginn der Dienstleistung eine Stornierung beantragt, wird ihm der gesamte gezahlte Betrag zur\u00fcckerstattet.<\/p>\n<p>B- Wenn der Verbraucher den Vertrag 15-7 Tage vor Beginn der Dienstleistung storniert, erkl\u00e4rt er sich damit einverstanden und verpflichtet sich, 50% des Unterkunftspreises zu zahlen, und wenn weniger als 7 Tage vor Beginn der Dienstleistung, erkl\u00e4rt er sich damit einverstanden und verpflichtet sich, den vollen Betrag an die Direktion zu zahlen.<\/p>\n<p>C-Im Falle einer Stornierung der erm\u00e4\u00dfigten Dienstleistung erkl\u00e4rt sich der Verbraucher damit einverstanden und verpflichtet sich, bis genau 7 Tage vor Beginn der Dienstleistung 50% der Dienstleistungsgeb\u00fchr und nach 7 Tagen die volle Dienstleistungsgeb\u00fchr zu zahlen.<\/p>\n<p>D Bei besonderen Produkten wird dem Verbraucher bei Stornierungen bis zu 60 Tagen vor Beginn der Dienstleistung der gesamte bis dahin gezahlte Betrag zur\u00fcckerstattet. Wenn der Verbraucher den Vertrag 60-31 Tage vor Beginn des Aufenthalts storniert, erh\u00e4lt er 35% des Reisepreises, wenn er den Vertrag 30-15 Tage vor Beginn des Aufenthalts storniert, 65% des Reisepreises, wenn er den Vertrag 14-07 Tage vor Beginn des Aufenthalts storniert, 80% des Reisepreises, wenn er weniger als 7 Tage vor Beginn des Aufenthalts storniert, erkl\u00e4rt er sich damit einverstanden und verpflichtet sich, den gesamten Betrag an das Unternehmen zu zahlen.<\/p>\n<p>E-Krankheiten oder Todesf\u00e4lle des Verbrauchers selbst oder seiner Verwandten ersten Grades, die eine 10-t\u00e4gige gew\u00f6hnliche Besch\u00e4ftigung des Verbrauchers oder seiner Verwandten ersten Grades mit dem offiziellen Vorstandsbericht eines vollwertigen staatlichen Krankenhauses vor Beginn der Dienstleistung verhindern, sind eine Ausnahme von den Stornierungs- und Verlegungsartikeln.<\/p>\n<p>3- Der Verbraucher kann den Service bis genau 7 Tage vor Beginn des Services auf eine beliebige Person \u00fcbertragen. Der Erwerber ist zusammen mit dem Ver\u00e4u\u00dferer f\u00fcr den Restbetrag und alle Kosten verantwortlich, die sich aus der \u00dcbertragung ergeben. Der Verbraucher ist verpflichtet, alle Stornierungs- und \u00dcbertragungsantr\u00e4ge vor Beginn der Dienstleistung schriftlich an den Betreiber zu richten.<\/p>\n<p>4- Falls der Verbraucher nicht schriftlich mitteilt, dass er an der Beherbergungsleistung teilnehmen wird, dass er den Beginn verpasst hat, hat das Unternehmen das Recht, alle im Namen des Verbrauchers vorgenommenen Reservierungen und Leistungen nach 24 Stunden zu stornieren. In solchen Stornierungen wird dem Verbraucher kein Geld zur\u00fcckerstattet.<\/p>\n<p>5 &#8211; Wenn das Unternehmen es f\u00fcr notwendig erachtet, kann es die angek\u00fcndigten oder angemeldeten Reisen vor Beginn der Beherbergungsleistung teilweise oder vollst\u00e4ndig stornieren, sofern der Verbraucher dar\u00fcber informiert wird. W\u00e4hrend desselben Zeitraums oder w\u00e4hrend der Dienstleistung kann das Unternehmen die Hotelnamen, die Transportmittel und deren Abfahrtsorte im Rahmen der Dienstleistung \u00e4ndern. Wenn der Verbraucher diese \u00c4nderungen und Stornierungen aus berechtigten Gr\u00fcnden nicht akzeptiert, hat er das Recht, seine Reservierung zu stornieren und eine R\u00fcckerstattung der nicht verbrauchten Dienstleistungsgeb\u00fchren zu erhalten.<\/p>\n<p>HINWEIS Gem\u00e4\u00df den einschl\u00e4gigen Artikeln des Steuerverfahrensgesetzes wird Ihre Rechnung, die Sie als Gegenleistung f\u00fcr den Kauf von Dienstleistungen erhalten, innerhalb von 8 Tagen nach Beendigung der Dienstleistung versandt. Wir bitten Sie, die Lieferung innerhalb von 1 Woche ab dem Tag der Lieferung in unserem Gesch\u00e4ft anzunehmen.<\/p>\n<p>Wenn es sich bei der erworbenen Dienstleistung um ein Produkt mit Fr\u00fchbucherrabatt handelt, gelten im Falle einer Stornierung und eines R\u00fccktritts die Bedingungen von II- 2c des Vertrags.<\/p>\n\t\t\t\t\t\t\t\t<\/div>\n\t\t\t\t<\/div>\n\t\t\t\t\t<\/div>\n\t\t<\/div>\n\t\t\t\t\t<\/div>\n\t\t<\/section>\n\t\t\t\t<\/div>\n\t\t","protected":false},"excerpt":{"rendered":"<p>Erkl\u00e4rungen I &#8211; Zahlungen A &#8211; Mindestens 50% des Buchungspreises m\u00fcssen bei der Anmeldung bezahlt werden und der Restbetrag muss mindestens 15 Tage vor Beginn des Aufenthalts gezahlt werden. Wenn die Zahlungen innerhalb der oben genannten Fristen nicht geleistet werden, wird die Buchung storniert und 50% des Reisepreises werden dem Verbraucher als R\u00fccktrittsentsch\u00e4digung in Rechnung &#8230;<\/p>\n","protected":false},"author":1,"featured_media":0,"parent":0,"menu_order":0,"comment_status":"closed","ping_status":"closed","template":"template-fullwidth.php","meta":{"cozystay_single_page_hide_site_header":"","cozystay_single_page_site_header_source":"","cozystay_single_page_custom_site_header":"0","cozystay_single_page_custom_sticky_site_header":"0","cozystay_single_page_hide_page_title":"","cozystay_single_page_header_section_size":"","cozystay_single_page_header_background_color":"","cozystay_single_page_header_background_position_x":"center","cozystay_single_page_header_background_position_y":"center","cozystay_single_page_header_background_size":"cover","cozystay_single_page_header_background_repeat":"off","cozystay_single_page_header_background_scroll":"on","cozystay_single_page_header_text_color":"","cozystay_single_page_header_show_breadcrumb":"","cozystay_single_page_site_footer_hide_main":"","cozystay_single_custom_site_footer_main_source":"","cozystay_single_custom_site_footer_main":"0","cozystay_single_page_site_footer_hide_above":"","cozystay_single_custom_site_footer_above_source":"","cozystay_single_custom_site_footer_above":"0","cozystay_single_page_site_footer_hide_instagram":"","cozystay_single_page_site_footer_hide_bottom":"","cozystay_single_custom_mobile_menu_source":"","cozystay_single_custom_mobile_menu":"0","cozystay_single_custom_mobile_menu_animation":"","cozystay_single_custom_mobile_menu_width":"","cozystay_single_custom_mobile_menu_custom_width":375,"_joinchat":[],"footnotes":""},"class_list":["post-3485","page","type-page","status-publish","hentry"],"yoast_head":"<!-- This site is optimized with the Yoast SEO plugin v27.4 - https:\/\/yoast.com\/product\/yoast-seo-wordpress\/ -->\n<title>R\u00fcckgabe- und Stornierungsbedingungen - Beycik Konak Hotel<\/title>\n<meta name=\"robots\" content=\"index, follow, max-snippet:-1, max-image-preview:large, max-video-preview:-1\" \/>\n<link rel=\"canonical\" href=\"https:\/\/www.beycikkonakhotel.com\/iade-ve-iptal-kosullari\/\" \/>\n<meta property=\"og:locale\" content=\"de_DE\" \/>\n<meta property=\"og:type\" content=\"article\" \/>\n<meta property=\"og:title\" content=\"R\u00fcckgabe- und Stornierungsbedingungen - Beycik Konak Hotel\" \/>\n<meta property=\"og:description\" content=\"Erkl\u00e4rungen I &#8211; Zahlungen A &#8211; Mindestens 50% des Buchungspreises m\u00fcssen bei der Anmeldung bezahlt werden und der Restbetrag muss mindestens 15 Tage vor Beginn des Aufenthalts gezahlt werden. Wenn die Zahlungen innerhalb der oben genannten Fristen nicht geleistet werden, wird die Buchung storniert und 50% des Reisepreises werden dem Verbraucher als R\u00fccktrittsentsch\u00e4digung in Rechnung ...\" \/>\n<meta property=\"og:url\" content=\"https:\/\/www.beycikkonakhotel.com\/iade-ve-iptal-kosullari\/\" \/>\n<meta property=\"og:site_name\" content=\"Beycik Konak Hotel\" \/>\n<meta property=\"article:modified_time\" content=\"2024-07-05T12:06:17+00:00\" \/>\n<meta name=\"twitter:card\" content=\"summary_large_image\" \/>\n<meta name=\"twitter:label1\" content=\"Gesch\u00e4tzte Lesezeit\" \/>\n\t<meta name=\"twitter:data1\" content=\"4\u00a0Minuten\" \/>\n<script type=\"application\/ld+json\" class=\"yoast-schema-graph\">{\"@context\":\"https:\\\/\\\/schema.org\",\"@graph\":[{\"@type\":\"WebPage\",\"@id\":\"https:\\\/\\\/www.beycikkonakhotel.com\\\/iade-ve-iptal-kosullari\\\/\",\"url\":\"https:\\\/\\\/www.beycikkonakhotel.com\\\/iade-ve-iptal-kosullari\\\/\",\"name\":\"R\u00fcckgabe- und Stornierungsbedingungen - Beycik Konak Hotel\",\"isPartOf\":{\"@id\":\"https:\\\/\\\/www.beycikkonakhotel.com\\\/#website\"},\"datePublished\":\"2024-06-29T22:04:27+00:00\",\"dateModified\":\"2024-07-05T12:06:17+00:00\",\"breadcrumb\":{\"@id\":\"https:\\\/\\\/www.beycikkonakhotel.com\\\/iade-ve-iptal-kosullari\\\/#breadcrumb\"},\"inLanguage\":\"de\",\"potentialAction\":[{\"@type\":\"ReadAction\",\"target\":[\"https:\\\/\\\/www.beycikkonakhotel.com\\\/iade-ve-iptal-kosullari\\\/\"]}]},{\"@type\":\"BreadcrumbList\",\"@id\":\"https:\\\/\\\/www.beycikkonakhotel.com\\\/iade-ve-iptal-kosullari\\\/#breadcrumb\",\"itemListElement\":[{\"@type\":\"ListItem\",\"position\":1,\"name\":\"Anasayfa\",\"item\":\"https:\\\/\\\/www.beycikkonakhotel.com\\\/\"},{\"@type\":\"ListItem\",\"position\":2,\"name\":\"R\u00fcckgabe- und Stornierungsbedingungen\"}]},{\"@type\":\"WebSite\",\"@id\":\"https:\\\/\\\/www.beycikkonakhotel.com\\\/#website\",\"url\":\"https:\\\/\\\/www.beycikkonakhotel.com\\\/\",\"name\":\"Beycik Konak Hotel\",\"description\":\"Do\u011fan\u0131n Kalbindeki Gizli S\u0131\u011f\u0131na\u011f\u0131n\u0131z\",\"publisher\":{\"@id\":\"https:\\\/\\\/www.beycikkonakhotel.com\\\/#organization\"},\"potentialAction\":[{\"@type\":\"SearchAction\",\"target\":{\"@type\":\"EntryPoint\",\"urlTemplate\":\"https:\\\/\\\/www.beycikkonakhotel.com\\\/?s={search_term_string}\"},\"query-input\":{\"@type\":\"PropertyValueSpecification\",\"valueRequired\":true,\"valueName\":\"search_term_string\"}}],\"inLanguage\":\"de\"},{\"@type\":\"Organization\",\"@id\":\"https:\\\/\\\/www.beycikkonakhotel.com\\\/#organization\",\"name\":\"Beycik Konak Hotel\",\"url\":\"https:\\\/\\\/www.beycikkonakhotel.com\\\/\",\"logo\":{\"@type\":\"ImageObject\",\"inLanguage\":\"de\",\"@id\":\"https:\\\/\\\/www.beycikkonakhotel.com\\\/#\\\/schema\\\/logo\\\/image\\\/\",\"url\":\"https:\\\/\\\/www.beycikkonakhotel.com\\\/wp-content\\\/uploads\\\/2022\\\/12\\\/cropped-beycik-konak-hotel-logo.png\",\"contentUrl\":\"https:\\\/\\\/www.beycikkonakhotel.com\\\/wp-content\\\/uploads\\\/2022\\\/12\\\/cropped-beycik-konak-hotel-logo.png\",\"width\":516,\"height\":515,\"caption\":\"Beycik Konak Hotel\"},\"image\":{\"@id\":\"https:\\\/\\\/www.beycikkonakhotel.com\\\/#\\\/schema\\\/logo\\\/image\\\/\"}}]}<\/script>\n<!-- \/ Yoast SEO plugin. -->","yoast_head_json":{"title":"R\u00fcckgabe- und Stornierungsbedingungen - Beycik Konak Hotel","robots":{"index":"index","follow":"follow","max-snippet":"max-snippet:-1","max-image-preview":"max-image-preview:large","max-video-preview":"max-video-preview:-1"},"canonical":"https:\/\/www.beycikkonakhotel.com\/iade-ve-iptal-kosullari\/","og_locale":"de_DE","og_type":"article","og_title":"R\u00fcckgabe- und Stornierungsbedingungen - Beycik Konak Hotel","og_description":"Erkl\u00e4rungen I &#8211; Zahlungen A &#8211; Mindestens 50% des Buchungspreises m\u00fcssen bei der Anmeldung bezahlt werden und der Restbetrag muss mindestens 15 Tage vor Beginn des Aufenthalts gezahlt werden. Wenn die Zahlungen innerhalb der oben genannten Fristen nicht geleistet werden, wird die Buchung storniert und 50% des Reisepreises werden dem Verbraucher als R\u00fccktrittsentsch\u00e4digung in Rechnung ...","og_url":"https:\/\/www.beycikkonakhotel.com\/iade-ve-iptal-kosullari\/","og_site_name":"Beycik Konak Hotel","article_modified_time":"2024-07-05T12:06:17+00:00","twitter_card":"summary_large_image","twitter_misc":{"Gesch\u00e4tzte Lesezeit":"4\u00a0Minuten"},"schema":{"@context":"https:\/\/schema.org","@graph":[{"@type":"WebPage","@id":"https:\/\/www.beycikkonakhotel.com\/iade-ve-iptal-kosullari\/","url":"https:\/\/www.beycikkonakhotel.com\/iade-ve-iptal-kosullari\/","name":"R\u00fcckgabe- und Stornierungsbedingungen - Beycik Konak Hotel","isPartOf":{"@id":"https:\/\/www.beycikkonakhotel.com\/#website"},"datePublished":"2024-06-29T22:04:27+00:00","dateModified":"2024-07-05T12:06:17+00:00","breadcrumb":{"@id":"https:\/\/www.beycikkonakhotel.com\/iade-ve-iptal-kosullari\/#breadcrumb"},"inLanguage":"de","potentialAction":[{"@type":"ReadAction","target":["https:\/\/www.beycikkonakhotel.com\/iade-ve-iptal-kosullari\/"]}]},{"@type":"BreadcrumbList","@id":"https:\/\/www.beycikkonakhotel.com\/iade-ve-iptal-kosullari\/#breadcrumb","itemListElement":[{"@type":"ListItem","position":1,"name":"Anasayfa","item":"https:\/\/www.beycikkonakhotel.com\/"},{"@type":"ListItem","position":2,"name":"R\u00fcckgabe- und Stornierungsbedingungen"}]},{"@type":"WebSite","@id":"https:\/\/www.beycikkonakhotel.com\/#website","url":"https:\/\/www.beycikkonakhotel.com\/","name":"Beycik Konak Hotel","description":"Do\u011fan\u0131n Kalbindeki Gizli S\u0131\u011f\u0131na\u011f\u0131n\u0131z","publisher":{"@id":"https:\/\/www.beycikkonakhotel.com\/#organization"},"potentialAction":[{"@type":"SearchAction","target":{"@type":"EntryPoint","urlTemplate":"https:\/\/www.beycikkonakhotel.com\/?s={search_term_string}"},"query-input":{"@type":"PropertyValueSpecification","valueRequired":true,"valueName":"search_term_string"}}],"inLanguage":"de"},{"@type":"Organization","@id":"https:\/\/www.beycikkonakhotel.com\/#organization","name":"Beycik Konak Hotel","url":"https:\/\/www.beycikkonakhotel.com\/","logo":{"@type":"ImageObject","inLanguage":"de","@id":"https:\/\/www.beycikkonakhotel.com\/#\/schema\/logo\/image\/","url":"https:\/\/www.beycikkonakhotel.com\/wp-content\/uploads\/2022\/12\/cropped-beycik-konak-hotel-logo.png","contentUrl":"https:\/\/www.beycikkonakhotel.com\/wp-content\/uploads\/2022\/12\/cropped-beycik-konak-hotel-logo.png","width":516,"height":515,"caption":"Beycik Konak Hotel"},"image":{"@id":"https:\/\/www.beycikkonakhotel.com\/#\/schema\/logo\/image\/"}}]}},"_links":{"self":[{"href":"https:\/\/www.beycikkonakhotel.com\/de\/wp-json\/wp\/v2\/pages\/3485"}],"collection":[{"href":"https:\/\/www.beycikkonakhotel.com\/de\/wp-json\/wp\/v2\/pages"}],"about":[{"href":"https:\/\/www.beycikkonakhotel.com\/de\/wp-json\/wp\/v2\/types\/page"}],"author":[{"embeddable":true,"href":"https:\/\/www.beycikkonakhotel.com\/de\/wp-json\/wp\/v2\/users\/1"}],"replies":[{"embeddable":true,"href":"https:\/\/www.beycikkonakhotel.com\/de\/wp-json\/wp\/v2\/comments?post=3485"}],"version-history":[{"count":1,"href":"https:\/\/www.beycikkonakhotel.com\/de\/wp-json\/wp\/v2\/pages\/3485\/revisions"}],"predecessor-version":[{"id":3486,"href":"https:\/\/www.beycikkonakhotel.com\/de\/wp-json\/wp\/v2\/pages\/3485\/revisions\/3486"}],"wp:attachment":[{"href":"https:\/\/www.beycikkonakhotel.com\/de\/wp-json\/wp\/v2\/media?parent=3485"}],"curies":[{"name":"wp","href":"https:\/\/api.w.org\/{rel}","templated":true}]}}